{"id":63,"date":"2025-10-31T10:33:18","date_gmt":"2025-10-31T09:33:18","guid":{"rendered":"https:\/\/rbg-f6b047.cloud.techfak.net\/?page_id=63"},"modified":"2025-11-05T20:22:14","modified_gmt":"2025-11-05T19:22:14","slug":"impressum","status":"publish","type":"page","link":"https:\/\/humation.eu\/?page_id=63","title":{"rendered":"Impressum"},"content":{"rendered":"\n<p><\/p>\n\n\n\n<h3 class=\"wp-block-heading\"><strong>Inhaltlich verantwortliche Person<\/strong><\/h3>\n\n\n\n<p>f\u00fcr die Internetseite<strong>\u00a0<\/strong><a href=\"http:\/\/humation.eu\/\">humation.eu<\/a>:<\/p>\n\n\n\n<p>Dr. Marc Hesse<br>Tel:&nbsp;+49-521-106-12 041<br>E-Mail: m.hesse [at] uni-bielefeld.de<\/p>\n\n\n\n<p>CITEC Forschungsbau<br>B\u00fcro: CITEC-3.412<br>Inspiration 1<br>33619 Bielefeld<\/p>\n\n\n\n<h3 class=\"wp-block-heading\"><strong>Haftungsausschluss<\/strong><\/h3>\n\n\n\n<p>Die Inhalte der Seiten wurden mit gr\u00f6\u00dftm\u00f6glicher Sorgfalt erstellt. Dennoch kann keine Gew\u00e4hr f\u00fcr die Aktualit\u00e4t, Richtigkeit, Vollst\u00e4ndigkeit und Qualit\u00e4t der Inhalte \u00fcbernommen werden.&nbsp;<br>Die Webseite enth\u00e4lt Verkn\u00fcpfungen zu Webseiten Dritter (externe Links). Diese Webseiten unterliegen ausschlie\u00dflich der Haftung der jeweiligen Betreiber, so dass die Verantwortlichen f\u00fcr diese fremden Inhalte keine Gew\u00e4hr \u00fcbernehmen. Die Verantwortlichen haben keinen Einfluss auf den Inhalt externer Links. Trotz sorgf\u00e4ltiger inhaltlicher Kontrolle zum Zeitpunkt der Verlinkung \u00fcbernehmen wir keine Haftung f\u00fcr die Inhalte externer Links. Sie stellen kein Angebot des Kompetenzverbunds Humation dar. Wir distanzieren uns ausdr\u00fccklich von den Inhalten und machen uns diese in keinster Weise zu Eigen.<\/p>\n\n\n\n<h3 class=\"wp-block-heading\"><strong>Urheberrecht<\/strong><\/h3>\n\n\n\n<p>Die Urheber- und Nutzungsrechte f\u00fcr Texte, Grafiken, Bilder, Design und Quellcode liegen \u2013 soweit nicht anders angegeben \u2013 bei dem Kompetenzverbund Humation. Die Erstellung, Verwendung und Weitergabe von Kopien in elektronischer oder ausgedruckter Form bed\u00fcrfen der Genehmigung. Unber\u00fchrt davon bleibt das \u201cKopieren\u201d der Dateien auf dem eigenen Rechner, um sich die Seiten auf einem Browser anzusehen.<\/p>\n\n\n\n<h3 class=\"wp-block-heading\"><strong>Bildnachweis<\/strong><\/h3>\n\n\n\n<p>Die Bildrechte liegen \u2013 soweit nicht anders vermerkt \u2013 bei dem Kompetenzverbund Humation.<\/p>\n","protected":false},"excerpt":{"rendered":"<p>Inhaltlich verantwortliche Person f\u00fcr die Internetseite\u00a0humation.eu: Dr. Marc HesseTel:&nbsp;+49-521-106-12 041E-Mail: m.hesse [at] uni-bielefeld.de CITEC ForschungsbauB\u00fcro: CITEC-3.412Inspiration 133619 Bielefeld Haftungsausschluss Die Inhalte der Seiten wurden mit gr\u00f6\u00dftm\u00f6glicher Sorgfalt erstellt. Dennoch kann keine Gew\u00e4hr f\u00fcr die Aktualit\u00e4t, Richtigkeit, Vollst\u00e4ndigkeit und Qualit\u00e4t der Inhalte \u00fcbernommen werden.&nbsp;Die Webseite enth\u00e4lt Verkn\u00fcpfungen zu Webseiten Dritter (externe Links). Diese Webseiten unterliegen ausschlie\u00dflich [&hellip;]<\/p>\n","protected":false},"author":1,"featured_media":0,"parent":0,"menu_order":0,"comment_status":"closed","ping_status":"closed","template":"","meta":{"_themeisle_gutenberg_block_has_review":false,"footnotes":""},"class_list":["post-63","page","type-page","status-publish","hentry"],"_links":{"self":[{"href":"https:\/\/humation.eu\/index.php?rest_route=\/wp\/v2\/pages\/63","targetHints":{"allow":["GET"]}}],"collection":[{"href":"https:\/\/humation.eu\/index.php?rest_route=\/wp\/v2\/pages"}],"about":[{"href":"https:\/\/humation.eu\/index.php?rest_route=\/wp\/v2\/types\/page"}],"author":[{"embeddable":true,"href":"https:\/\/humation.eu\/index.php?rest_route=\/wp\/v2\/users\/1"}],"replies":[{"embeddable":true,"href":"https:\/\/humation.eu\/index.php?rest_route=%2Fwp%2Fv2%2Fcomments&post=63"}],"version-history":[{"count":2,"href":"https:\/\/humation.eu\/index.php?rest_route=\/wp\/v2\/pages\/63\/revisions"}],"predecessor-version":[{"id":67,"href":"https:\/\/humation.eu\/index.php?rest_route=\/wp\/v2\/pages\/63\/revisions\/67"}],"wp:attachment":[{"href":"https:\/\/humation.eu\/index.php?rest_route=%2Fwp%2Fv2%2Fmedia&parent=63"}],"curies":[{"name":"wp","href":"https:\/\/api.w.org\/{rel}","templated":true}]}}